{"id":1596,"date":"2025-05-04T22:08:19","date_gmt":"2025-05-04T20:08:19","guid":{"rendered":"https:\/\/tdmenuiserie.fr\/?page_id=1596"},"modified":"2025-05-12T18:36:56","modified_gmt":"2025-05-12T16:36:56","slug":"accueil","status":"publish","type":"page","link":"https:\/\/tdmenuiserie.fr\/","title":{"rendered":"Accueil"},"content":{"rendered":"<section style=\"font-family: Arial, sans-serif; background: #f4f4f4; padding: 40px 20px; text-align: center;\">\n<h1 style=\"font-size: 36px; color: #2c3e50;\">Menuisier Haute-Savoie : Votre expert en menuiserie sur mesure<\/h1>\n<p>  <!-- Introduction avec l'expression cl\u00e9 d\u00e8s le d\u00e9but --><\/p>\n<p style=\"font-size: 18px; max-width: 700px; margin: 10px auto;\">\n    Vous \u00eates \u00e0 la recherche d&rsquo;un <strong>menuisier en Haute-Savoie<\/strong> pour vos projets de menuiserie ? Que ce soit pour l&rsquo;am\u00e9nagement int\u00e9rieur ou ext\u00e9rieur, notre \u00e9quipe est sp\u00e9cialis\u00e9e dans la fabrication et l&rsquo;installation de solutions sur mesure pour votre maison. Nous mettons \u00e0 votre disposition notre savoir-faire pour r\u00e9aliser vos travaux dans les meilleures conditions.\n  <\/p>\n<div style=\"display: flex; flex-wrap: wrap; justify-content: center; gap: 30px; margin-top: 40px;\">\n    <!-- Bloc 1 : Cuisine (photo) --><br \/>\n    <a href=\"https:\/\/tdmenuiserie.fr\/index.php\/pose-cuisine-vetraz-monthoux\/\" style=\"width: 300px; text-decoration: none; color: inherit;\"><\/p>\n<div style=\"height: 300px; background: white; border: 2px solid #2c3e50; border-radius: 10px; box-shadow: 0 4px 10px rgba(0,0,0,0.1); overflow: hidden;\">\n        <img decoding=\"async\" src=\"https:\/\/tdmenuiserie.fr\/wp-content\/uploads\/2025\/04\/Amancy-1.jpg\" alt=\"Menuisier Haute-Savoie - Cuisine sur mesure\" style=\"width: 100%; height: 220px; object-fit: cover;\"><\/p>\n<div style=\"padding: 5px;\">\n<h3 style=\"margin: 0;\">\ud83c\udf7d\ufe0f Cuisine<\/h3>\n<\/p><\/div>\n<\/p><\/div>\n<p>    <\/a><\/p>\n<p>    <!-- Bloc 2 : Menuiserie int\u00e9rieure (texte seul) --><br \/>\n    <a href=\"https:\/\/tdmenuiserie.fr\/index.php\/placard-sur-mesure-sous-pente-cranves-sales\/\" style=\"width: 300px; text-decoration: none; color: inherit;\"><\/p>\n<div style=\"height: 300px; display: flex; flex-direction: column; justify-content: center; background: white; border: 2px solid #2c3e50; border-radius: 10px; box-shadow: 0 4px 10px rgba(0,0,0,0.1); padding: 20px;\">\n<h3 style=\"margin-bottom: 10px;\">\ud83c\udfe1 Menuiserie int\u00e9rieure<\/h3>\n<p style=\"font-size: 14px;\">Cuisines, dressing, parquets, portes int\u00e9rieures, am\u00e9nagements sur mesure<\/p>\n<\/p><\/div>\n<p>    <\/a><\/p>\n<p>    <!-- Bloc 3 : Chamonix (photo) --><br \/>\n    <a href=\"https:\/\/tdmenuiserie.fr\/index.php\/pose-parquet-araches-la-frasse\/\" style=\"width: 300px; text-decoration: none; color: inherit;\"><\/p>\n<div style=\"height: 300px; background: white; border: 2px solid #2c3e50; border-radius: 10px; box-shadow: 0 4px 10px rgba(0,0,0,0.1); overflow: hidden;\">\n        <img decoding=\"async\" src=\"https:\/\/tdmenuiserie.fr\/wp-content\/uploads\/2025\/04\/Chamonix-7.jpg\" alt=\"Menuisier Haute-Savoie - Parquet sur mesure\" style=\"width: 100%; height: 220px; object-fit: cover;\"><\/p>\n<div style=\"padding: 5px;\">\n<h3 style=\"margin: 0;\">\ud83c\udfd4\ufe0f Parquet<\/h3>\n<\/p><\/div>\n<\/p><\/div>\n<p>    <\/a><\/p>\n<p>    <!-- Bloc 4 : Menuiserie ext\u00e9rieure (texte seul) --><br \/>\n    <a href=\"https:\/\/tdmenuiserie.fr\/index.php\/installation-fenetres-sur-mesure-haute-savoie\/\" style=\"width: 300px; text-decoration: none; color: inherit;\"><\/p>\n<div style=\"height: 300px; display: flex; flex-direction: column; justify-content: center; background: white; border: 2px solid #2c3e50; border-radius: 10px; box-shadow: 0 4px 10px rgba(0,0,0,0.1); padding: 20px;\">\n<h3 style=\"margin-bottom: 10px;\">\ud83d\udeaa Menuiserie ext\u00e9rieure<\/h3>\n<p style=\"font-size: 14px;\">Portes d\u2019entr\u00e9e, fen\u00eatres, volets, stores, portes de garage<\/p>\n<\/p><\/div>\n<p>    <\/a><\/p>\n<p>    <!-- Bloc 5 : Porte d'entr\u00e9e (photo) --><br \/>\n    <a href=\"https:\/\/tdmenuiserie.fr\/index.php\/portes-entree-haute-savoie\/\" style=\"width: 300px; text-decoration: none; color: inherit;\"><\/p>\n<div style=\"height: 300px; background: white; border: 2px solid #2c3e50; border-radius: 10px; box-shadow: 0 4px 10px rgba(0,0,0,0.1); overflow: hidden;\">\n        <img decoding=\"async\" src=\"https:\/\/tdmenuiserie.fr\/wp-content\/uploads\/2025\/04\/Porte-dentree-et-paliere-11.jpg\" alt=\"Menuisier Haute-Savoie - Porte d'entr\u00e9e sur mesure\" style=\"width: 100%; height: 220px; object-fit: cover;\"><\/p>\n<div style=\"padding: 5px;\">\n<h3 style=\"margin: 0;\">\ud83d\udeaa Porte d&rsquo;entr\u00e9e<\/h3>\n<\/p><\/div>\n<\/p><\/div>\n<p>    <\/a><\/p>\n<p>    <!-- Bloc 6 : Demandez votre devis (texte seul) --><br \/>\n    <a href=\"https:\/\/tdmenuiserie.fr\/index.php\/configurateur\/\" style=\"width: 300px; text-decoration: none; color: inherit;\"><\/p>\n<div style=\"height: 300px; display: flex; flex-direction: column; justify-content: center; background: white; border: 2px solid #2c3e50; border-radius: 10px; box-shadow: 0 4px 10px rgba(0,0,0,0.1); padding: 20px;\">\n<h3 style=\"margin-bottom: 10px;\">\ud83d\udccb Demandez votre devis<\/h3>\n<p style=\"font-size: 14px;\">D\u00e9crivez votre projet pour recevoir un devis personnalis\u00e9<\/p>\n<\/p><\/div>\n<p>    <\/a><\/p><\/div>\n<p>  <!-- Modifications sur les sous-titres et l'expression cl\u00e9 --><\/p>\n<h2>Menuiserie sur mesure en Haute-Savoie<\/h2>\n<p>Nous sommes sp\u00e9cialis\u00e9s dans la <strong>menuiserie en Haute-Savoie<\/strong>, offrant des services adapt\u00e9s \u00e0 vos besoins et \u00e0 votre budget. Que vous ayez besoin d&rsquo;une r\u00e9novation ou de cr\u00e9ations personnalis\u00e9es, notre \u00e9quipe est l\u00e0 pour vous accompagner.<\/p>\n<h3>Nos services de menuisier en Haute-Savoie<\/h3>\n<p>Nous proposons une gamme compl\u00e8te de services : installations de fen\u00eatres, portes, parquets, am\u00e9nagements sur mesure pour votre int\u00e9rieur et bien plus encore. Avec une expertise locale et un service de qualit\u00e9, nous r\u00e9pondons \u00e0 toutes vos demandes en mati\u00e8re de menuiserie.<\/p>\n<p>Contactez-nous pour obtenir un devis gratuit et d\u00e9couvrir comment nous pouvons vous aider \u00e0 concr\u00e9tiser vos projets de menuiserie en Haute-Savoie !<\/p>\n<\/section>\n\n\n<p>Avant d&rsquo;entamer certains travaux, une d\u00e9claration pr\u00e9alable peut \u00eatre n\u00e9cessaire. Plus d&rsquo;informations sur <a href=\"https:\/\/www.service-public.fr\/particuliers\/vosdroits\/N319\" target=\"_blank\" rel=\"noopener noreferrer\">service-public.fr<\/a>.<\/p>\n\n\n<p>Pour vous inspirer dans vos projets de menuiserie, n\u2019h\u00e9sitez pas \u00e0 consulter <a href=\"https:\/\/www.cotemaison.fr\/\" target=\"_blank\" rel=\"noopener noreferrer\">C\u00f4t\u00e9 Maison<\/a>.<\/p>\n\n\n<div class=\"pagination\">\n  <a href=\"https:\/\/tdmenuiserie.fr\/index.php\/configurateur-de-volets-sur-mesure\/\"><br \/>\n    <img decoding=\"async\" src=\"https:\/\/cdn.jsdelivr.net\/gh\/twitter\/twemoji@14.0.2\/assets\/svg\/1fa9a.svg\" alt=\"Scie\" class=\"tool-icon scie\"><br \/>\n    Pr\u00e9c\u00e9dent<br \/>\n  <\/a><br \/>\n  <a href=\"https:\/\/tdmenuiserie.fr\/index.php\/realisation-de-caractere-chamonix-thurel-duprat-menuiserie\/\" class=\"next-link\"><br \/>\n    Suivant<br \/>\n    <img decoding=\"async\" src=\"https:\/\/cdn.jsdelivr.net\/gh\/twitter\/twemoji@14.0.2\/assets\/svg\/1f528.svg\" alt=\"Marteau\" class=\"tool-icon marteau\"><br \/>\n  <\/a>\n<\/div>\n","protected":false},"excerpt":{"rendered":"","protected":false},"author":2,"featured_media":0,"parent":0,"menu_order":0,"comment_status":"closed","ping_status":"closed","template":"","meta":{"footnotes":""},"class_list":["post-1596","page","type-page","status-publish","hentry"],"yoast_head":"<!-- This site is optimized with the Yoast SEO plugin v27.3 - https:\/\/yoast.com\/product\/yoast-seo-wordpress\/ -->\n<title>Menuisier Haute-Savoie \u2013 TD Menuiserie<\/title>\n<meta name=\"description\" content=\"Menuisier Haute-Savoie : r\u00e9novation, am\u00e9nagement int\u00e9rieur et ext\u00e9rieur sur mesure. Contactez nos experts pour un devis personnalis\u00e9.\" \/>\n<meta name=\"robots\" content=\"index, follow, max-snippet:-1, max-image-preview:large, max-video-preview:-1\" \/>\n<link rel=\"canonical\" href=\"https:\/\/tdmenuiserie.fr\/\" \/>\n<meta property=\"og:locale\" content=\"fr_FR\" \/>\n<meta property=\"og:type\" content=\"article\" \/>\n<meta property=\"og:title\" content=\"Menuisier Haute-Savoie \u2013 TD Menuiserie\" \/>\n<meta property=\"og:description\" content=\"Menuisier Haute-Savoie : r\u00e9novation, am\u00e9nagement int\u00e9rieur et ext\u00e9rieur sur mesure. Contactez nos experts pour un devis personnalis\u00e9.\" \/>\n<meta property=\"og:url\" content=\"https:\/\/tdmenuiserie.fr\/\" \/>\n<meta property=\"og:site_name\" content=\"SAS Thurel et Duprat menuiserie\" \/>\n<meta property=\"article:publisher\" content=\"https:\/\/www.facebook.com\/p\/Tdmenuis-100077409205718\/\" \/>\n<meta property=\"article:modified_time\" content=\"2025-05-12T16:36:56+00:00\" \/>\n<meta property=\"og:image\" content=\"https:\/\/tdmenuiserie.fr\/wp-content\/uploads\/2025\/04\/Amancy-1.jpg\" \/>\n<meta name=\"twitter:card\" content=\"summary_large_image\" \/>\n<meta name=\"twitter:label1\" content=\"Dur\u00e9e de lecture estim\u00e9e\" \/>\n\t<meta name=\"twitter:data1\" content=\"3 minutes\" \/>\n<script type=\"application\/ld+json\" class=\"yoast-schema-graph\">{\"@context\":\"https:\\\/\\\/schema.org\",\"@graph\":[{\"@type\":\"WebPage\",\"@id\":\"https:\\\/\\\/tdmenuiserie.fr\\\/\",\"url\":\"https:\\\/\\\/tdmenuiserie.fr\\\/\",\"name\":\"Menuisier Haute-Savoie \u2013 TD Menuiserie\",\"isPartOf\":{\"@id\":\"https:\\\/\\\/tdmenuiserie.fr\\\/#website\"},\"primaryImageOfPage\":{\"@id\":\"https:\\\/\\\/tdmenuiserie.fr\\\/#primaryimage\"},\"image\":{\"@id\":\"https:\\\/\\\/tdmenuiserie.fr\\\/#primaryimage\"},\"thumbnailUrl\":\"https:\\\/\\\/tdmenuiserie.fr\\\/wp-content\\\/uploads\\\/2025\\\/04\\\/Amancy-1.jpg\",\"datePublished\":\"2025-05-04T20:08:19+00:00\",\"dateModified\":\"2025-05-12T16:36:56+00:00\",\"description\":\"Menuisier Haute-Savoie : r\u00e9novation, am\u00e9nagement int\u00e9rieur et ext\u00e9rieur sur mesure. Contactez nos experts pour un devis personnalis\u00e9.\",\"breadcrumb\":{\"@id\":\"https:\\\/\\\/tdmenuiserie.fr\\\/#breadcrumb\"},\"inLanguage\":\"fr-FR\",\"potentialAction\":[{\"@type\":\"ReadAction\",\"target\":[\"https:\\\/\\\/tdmenuiserie.fr\\\/\"]}]},{\"@type\":\"ImageObject\",\"inLanguage\":\"fr-FR\",\"@id\":\"https:\\\/\\\/tdmenuiserie.fr\\\/#primaryimage\",\"url\":\"https:\\\/\\\/tdmenuiserie.fr\\\/wp-content\\\/uploads\\\/2025\\\/04\\\/Amancy-1.jpg\",\"contentUrl\":\"https:\\\/\\\/tdmenuiserie.fr\\\/wp-content\\\/uploads\\\/2025\\\/04\\\/Amancy-1.jpg\",\"width\":2040,\"height\":1536},{\"@type\":\"BreadcrumbList\",\"@id\":\"https:\\\/\\\/tdmenuiserie.fr\\\/#breadcrumb\",\"itemListElement\":[{\"@type\":\"ListItem\",\"position\":1,\"name\":\"Accueil\",\"item\":\"https:\\\/\\\/tdmenuiserie.fr\\\/\"},{\"@type\":\"ListItem\",\"position\":2,\"name\":\"Accueil\"}]},{\"@type\":\"WebSite\",\"@id\":\"https:\\\/\\\/tdmenuiserie.fr\\\/#website\",\"url\":\"https:\\\/\\\/tdmenuiserie.fr\\\/\",\"name\":\"SAS Thurel et Duprat menuiserie\",\"description\":\"Le soin du d\u00e9tail, la confiance en plus\",\"publisher\":{\"@id\":\"https:\\\/\\\/tdmenuiserie.fr\\\/#organization\"},\"potentialAction\":[{\"@type\":\"SearchAction\",\"target\":{\"@type\":\"EntryPoint\",\"urlTemplate\":\"https:\\\/\\\/tdmenuiserie.fr\\\/?s={search_term_string}\"},\"query-input\":{\"@type\":\"PropertyValueSpecification\",\"valueRequired\":true,\"valueName\":\"search_term_string\"}}],\"inLanguage\":\"fr-FR\"},{\"@type\":\"Organization\",\"@id\":\"https:\\\/\\\/tdmenuiserie.fr\\\/#organization\",\"name\":\"SAS Thurel et Duprat menuiserie\",\"url\":\"https:\\\/\\\/tdmenuiserie.fr\\\/\",\"logo\":{\"@type\":\"ImageObject\",\"inLanguage\":\"fr-FR\",\"@id\":\"https:\\\/\\\/tdmenuiserie.fr\\\/#\\\/schema\\\/logo\\\/image\\\/\",\"url\":\"https:\\\/\\\/tdmenuiserie.fr\\\/wp-content\\\/uploads\\\/2025\\\/04\\\/preview.jpg\",\"contentUrl\":\"https:\\\/\\\/tdmenuiserie.fr\\\/wp-content\\\/uploads\\\/2025\\\/04\\\/preview.jpg\",\"width\":400,\"height\":379,\"caption\":\"SAS Thurel et Duprat menuiserie\"},\"image\":{\"@id\":\"https:\\\/\\\/tdmenuiserie.fr\\\/#\\\/schema\\\/logo\\\/image\\\/\"},\"sameAs\":[\"https:\\\/\\\/www.facebook.com\\\/p\\\/Tdmenuis-100077409205718\\\/\"]}]}<\/script>\n<!-- \/ Yoast SEO plugin. -->","yoast_head_json":{"title":"Menuisier Haute-Savoie \u2013 TD Menuiserie","description":"Menuisier Haute-Savoie : r\u00e9novation, am\u00e9nagement int\u00e9rieur et ext\u00e9rieur sur mesure. Contactez nos experts pour un devis personnalis\u00e9.","robots":{"index":"index","follow":"follow","max-snippet":"max-snippet:-1","max-image-preview":"max-image-preview:large","max-video-preview":"max-video-preview:-1"},"canonical":"https:\/\/tdmenuiserie.fr\/","og_locale":"fr_FR","og_type":"article","og_title":"Menuisier Haute-Savoie \u2013 TD Menuiserie","og_description":"Menuisier Haute-Savoie : r\u00e9novation, am\u00e9nagement int\u00e9rieur et ext\u00e9rieur sur mesure. Contactez nos experts pour un devis personnalis\u00e9.","og_url":"https:\/\/tdmenuiserie.fr\/","og_site_name":"SAS Thurel et Duprat menuiserie","article_publisher":"https:\/\/www.facebook.com\/p\/Tdmenuis-100077409205718\/","article_modified_time":"2025-05-12T16:36:56+00:00","og_image":[{"url":"https:\/\/tdmenuiserie.fr\/wp-content\/uploads\/2025\/04\/Amancy-1.jpg","type":"","width":"","height":""}],"twitter_card":"summary_large_image","twitter_misc":{"Dur\u00e9e de lecture estim\u00e9e":"3 minutes"},"schema":{"@context":"https:\/\/schema.org","@graph":[{"@type":"WebPage","@id":"https:\/\/tdmenuiserie.fr\/","url":"https:\/\/tdmenuiserie.fr\/","name":"Menuisier Haute-Savoie \u2013 TD Menuiserie","isPartOf":{"@id":"https:\/\/tdmenuiserie.fr\/#website"},"primaryImageOfPage":{"@id":"https:\/\/tdmenuiserie.fr\/#primaryimage"},"image":{"@id":"https:\/\/tdmenuiserie.fr\/#primaryimage"},"thumbnailUrl":"https:\/\/tdmenuiserie.fr\/wp-content\/uploads\/2025\/04\/Amancy-1.jpg","datePublished":"2025-05-04T20:08:19+00:00","dateModified":"2025-05-12T16:36:56+00:00","description":"Menuisier Haute-Savoie : r\u00e9novation, am\u00e9nagement int\u00e9rieur et ext\u00e9rieur sur mesure. Contactez nos experts pour un devis personnalis\u00e9.","breadcrumb":{"@id":"https:\/\/tdmenuiserie.fr\/#breadcrumb"},"inLanguage":"fr-FR","potentialAction":[{"@type":"ReadAction","target":["https:\/\/tdmenuiserie.fr\/"]}]},{"@type":"ImageObject","inLanguage":"fr-FR","@id":"https:\/\/tdmenuiserie.fr\/#primaryimage","url":"https:\/\/tdmenuiserie.fr\/wp-content\/uploads\/2025\/04\/Amancy-1.jpg","contentUrl":"https:\/\/tdmenuiserie.fr\/wp-content\/uploads\/2025\/04\/Amancy-1.jpg","width":2040,"height":1536},{"@type":"BreadcrumbList","@id":"https:\/\/tdmenuiserie.fr\/#breadcrumb","itemListElement":[{"@type":"ListItem","position":1,"name":"Accueil","item":"https:\/\/tdmenuiserie.fr\/"},{"@type":"ListItem","position":2,"name":"Accueil"}]},{"@type":"WebSite","@id":"https:\/\/tdmenuiserie.fr\/#website","url":"https:\/\/tdmenuiserie.fr\/","name":"SAS Thurel et Duprat menuiserie","description":"Le soin du d\u00e9tail, la confiance en plus","publisher":{"@id":"https:\/\/tdmenuiserie.fr\/#organization"},"potentialAction":[{"@type":"SearchAction","target":{"@type":"EntryPoint","urlTemplate":"https:\/\/tdmenuiserie.fr\/?s={search_term_string}"},"query-input":{"@type":"PropertyValueSpecification","valueRequired":true,"valueName":"search_term_string"}}],"inLanguage":"fr-FR"},{"@type":"Organization","@id":"https:\/\/tdmenuiserie.fr\/#organization","name":"SAS Thurel et Duprat menuiserie","url":"https:\/\/tdmenuiserie.fr\/","logo":{"@type":"ImageObject","inLanguage":"fr-FR","@id":"https:\/\/tdmenuiserie.fr\/#\/schema\/logo\/image\/","url":"https:\/\/tdmenuiserie.fr\/wp-content\/uploads\/2025\/04\/preview.jpg","contentUrl":"https:\/\/tdmenuiserie.fr\/wp-content\/uploads\/2025\/04\/preview.jpg","width":400,"height":379,"caption":"SAS Thurel et Duprat menuiserie"},"image":{"@id":"https:\/\/tdmenuiserie.fr\/#\/schema\/logo\/image\/"},"sameAs":["https:\/\/www.facebook.com\/p\/Tdmenuis-100077409205718\/"]}]}},"_links":{"self":[{"href":"https:\/\/tdmenuiserie.fr\/index.php\/wp-json\/wp\/v2\/pages\/1596","targetHints":{"allow":["GET"]}}],"collection":[{"href":"https:\/\/tdmenuiserie.fr\/index.php\/wp-json\/wp\/v2\/pages"}],"about":[{"href":"https:\/\/tdmenuiserie.fr\/index.php\/wp-json\/wp\/v2\/types\/page"}],"author":[{"embeddable":true,"href":"https:\/\/tdmenuiserie.fr\/index.php\/wp-json\/wp\/v2\/users\/2"}],"replies":[{"embeddable":true,"href":"https:\/\/tdmenuiserie.fr\/index.php\/wp-json\/wp\/v2\/comments?post=1596"}],"version-history":[{"count":67,"href":"https:\/\/tdmenuiserie.fr\/index.php\/wp-json\/wp\/v2\/pages\/1596\/revisions"}],"predecessor-version":[{"id":2194,"href":"https:\/\/tdmenuiserie.fr\/index.php\/wp-json\/wp\/v2\/pages\/1596\/revisions\/2194"}],"wp:attachment":[{"href":"https:\/\/tdmenuiserie.fr\/index.php\/wp-json\/wp\/v2\/media?parent=1596"}],"curies":[{"name":"wp","href":"https:\/\/api.w.org\/{rel}","templated":true}]}}